{"id":832,"date":"2022-09-07T09:55:31","date_gmt":"2022-09-07T07:55:31","guid":{"rendered":"http:\/\/www.cp-formations.fr\/?page_id=2"},"modified":"2025-03-04T19:21:43","modified_gmt":"2025-03-04T18:21:43","slug":"cp-formations-commerciales-immobilier-alur","status":"publish","type":"page","link":"https:\/\/binomeinvest.com\/","title":{"rendered":"Attente"},"content":{"rendered":"<p>[et_pb_section fb_built=\u00a0\u00bb1&Prime; _builder_version=\u00a0\u00bb4.18.0&Prime; _module_preset=\u00a0\u00bbdefault\u00a0\u00bb background_color=\u00a0\u00bb#192B4A\u00a0\u00bb background_image=\u00a0\u00bbhttp:\/\/nqbvovq.cluster029.hosting.ovh.net\/wp-content\/uploads\/2024\/12\/PMX-imageHotel-header2.jpg\u00a0\u00bb parallax=\u00a0\u00bbon\u00a0\u00bb background_blend=\u00a0\u00bboverlay\u00a0\u00bb min_height=\u00a0\u00bb900px\u00a0\u00bb custom_margin=\u00a0\u00bb||||false|false\u00a0\u00bb custom_margin_tablet=\u00a0\u00bb||||false|false\u00a0\u00bb custom_margin_phone=\u00a0\u00bb||-570px||false|false\u00a0\u00bb custom_margin_last_edited=\u00a0\u00bbon|phone\u00a0\u00bb custom_padding=\u00a0\u00bb||||false|false\u00a0\u00bb global_colors_info=\u00a0\u00bb{}\u00a0\u00bb][et_pb_row _builder_version=\u00a0\u00bb4.18.0&Prime; _module_preset=\u00a0\u00bbdefault\u00a0\u00bb global_colors_info=\u00a0\u00bb{}\u00a0\u00bb][et_pb_column type=\u00a0\u00bb4_4&Prime; _builder_version=\u00a0\u00bb4.18.0&Prime; _module_preset=\u00a0\u00bbdefault\u00a0\u00bb global_colors_info=\u00a0\u00bb{}\u00a0\u00bb][et_pb_image src=\u00a0\u00bbhttp:\/\/binomeinvest.com\/wp-content\/uploads\/2025\/03\/logoBinome-diamant.png\u00a0\u00bb title_text=\u00a0\u00bblogoBinome-diamant\u00a0\u00bb align=\u00a0\u00bbcenter\u00a0\u00bb _builder_version=\u00a0\u00bb4.18.0&Prime; _module_preset=\u00a0\u00bbdefault\u00a0\u00bb hover_enabled=\u00a0\u00bb0&Prime; global_colors_info=\u00a0\u00bb{}\u00a0\u00bb sticky_enabled=\u00a0\u00bb0&Prime;][\/et_pb_image][\/et_pb_column][\/et_pb_row][et_pb_row _builder_version=\u00a0\u00bb4.18.0&Prime; _module_preset=\u00a0\u00bbdefault\u00a0\u00bb global_colors_info=\u00a0\u00bb{}\u00a0\u00bb][et_pb_column type=\u00a0\u00bb4_4&Prime; _builder_version=\u00a0\u00bb4.18.0&Prime; _module_preset=\u00a0\u00bbdefault\u00a0\u00bb global_colors_info=\u00a0\u00bb{}\u00a0\u00bb][et_pb_text _builder_version=\u00a0\u00bb4.18.0&Prime; _module_preset=\u00a0\u00bbdefault\u00a0\u00bb text_text_color=\u00a0\u00bb#FFFFFF\u00a0\u00bb text_font_size=\u00a0\u00bb35px\u00a0\u00bb text_orientation=\u00a0\u00bbcenter\u00a0\u00bb hover_enabled=\u00a0\u00bb0&Prime; text_font_size_tablet=\u00a0\u00bb20px\u00a0\u00bb text_font_size_phone=\u00a0\u00bb17px\u00a0\u00bb text_font_size_last_edited=\u00a0\u00bbon|phone\u00a0\u00bb global_colors_info=\u00a0\u00bb{}\u00a0\u00bb sticky_enabled=\u00a0\u00bb0&Prime; text_font=\u00a0\u00bbAlata|700||on|||||\u00a0\u00bb custom_margin_last_edited=\u00a0\u00bbon|desktop\u00a0\u00bb custom_margin=\u00a0\u00bb-75px||||false|false\u00a0\u00bb custom_margin_tablet=\u00a0\u00bb-75px||||false|false\u00a0\u00bb custom_margin_phone=\u00a0\u00bb-75px||||false|false\u00a0\u00bb]<\/p>\n<p>&nbsp;<\/p>\n<p>Am\u00e9nageur de patrimoine<\/p>\n<p>&nbsp;<\/p>\n<p>[\/et_pb_text][et_pb_text _builder_version=\u00a0\u00bb4.18.0&Prime; _module_preset=\u00a0\u00bbdefault\u00a0\u00bb text_text_color=\u00a0\u00bb#FFFFFF\u00a0\u00bb text_font_size=\u00a0\u00bb25px\u00a0\u00bb text_orientation=\u00a0\u00bbcenter\u00a0\u00bb hover_enabled=\u00a0\u00bb0&Prime; text_font_size_tablet=\u00a0\u00bb20px\u00a0\u00bb text_font_size_phone=\u00a0\u00bb17px\u00a0\u00bb text_font_size_last_edited=\u00a0\u00bbon|phone\u00a0\u00bb global_colors_info=\u00a0\u00bb{}\u00a0\u00bb sticky_enabled=\u00a0\u00bb0&Prime; custom_padding_last_edited=\u00a0\u00bbon|desktop\u00a0\u00bb custom_padding=\u00a0\u00bb0px||0px||false|false\u00a0\u00bb custom_margin_last_edited=\u00a0\u00bbon|desktop\u00a0\u00bb custom_margin=\u00a0\u00bb-100px||||false|false\u00a0\u00bb custom_padding_tablet=\u00a0\u00bb0px||0px||false|false\u00a0\u00bb custom_padding_phone=\u00a0\u00bb0px||0px||false|false\u00a0\u00bb custom_margin_tablet=\u00a0\u00bb-100px||||false|false\u00a0\u00bb custom_margin_phone=\u00a0\u00bb-100px||||false|false\u00a0\u00bb]<\/p>\n<p>&nbsp;<\/p>\n<p>D\u00e9velopper du foncier en coh\u00e9rence avec le territoire.<\/p>\n<p>&nbsp;<\/p>\n<p>[\/et_pb_text][et_pb_text _builder_version=\u00a0\u00bb4.18.0&Prime; _module_preset=\u00a0\u00bbdefault\u00a0\u00bb text_text_color=\u00a0\u00bb#FFFFFF\u00a0\u00bb text_font_size=\u00a0\u00bb20px\u00a0\u00bb text_orientation=\u00a0\u00bbcenter\u00a0\u00bb text_font_size_tablet=\u00a0\u00bb20px\u00a0\u00bb text_font_size_phone=\u00a0\u00bb17px\u00a0\u00bb text_font_size_last_edited=\u00a0\u00bbon|phone\u00a0\u00bb global_colors_info=\u00a0\u00bb{}\u00a0\u00bb]<\/p>\n<p>Le site <strong>Bin\u00f4me Invest<\/strong> est en cours de r\u00e9alisation. <br \/>Vous pouvez laisser votre message gr\u00e2ce au formulaire ci-dessous.<\/p>\n<p>A bient\u00f4t ici pour parler immobilier sous toutes ses formes.<\/p>\n<p>[\/et_pb_text][\/et_pb_column][\/et_pb_row][\/et_pb_section][et_pb_section fb_built=\u00a0\u00bb1&Prime; _builder_version=\u00a0\u00bb4.18.0&Prime; _module_preset=\u00a0\u00bbdefault\u00a0\u00bb background_color=\u00a0\u00bb#192B4A\u00a0\u00bb custom_margin=\u00a0\u00bb-103px||||false|false\u00a0\u00bb top_divider_height=\u00a0\u00bb140px\u00a0\u00bb top_divider_flip=\u00a0\u00bbhorizontal\u00a0\u00bb bottom_divider_flip=\u00a0\u00bbhorizontal\u00a0\u00bb global_colors_info=\u00a0\u00bb{}\u00a0\u00bb][et_pb_row module_id=\u00a0\u00bbcontact\u00a0\u00bb _builder_version=\u00a0\u00bb4.18.0&Prime; _module_preset=\u00a0\u00bbdefault\u00a0\u00bb custom_margin=\u00a0\u00bb150px||||false|false\u00a0\u00bb custom_padding=\u00a0\u00bb||1px|||\u00a0\u00bb animation_style=\u00a0\u00bbslide\u00a0\u00bb global_colors_info=\u00a0\u00bb{}\u00a0\u00bb][et_pb_column type=\u00a0\u00bb4_4&Prime; _builder_version=\u00a0\u00bb4.18.0&Prime; _module_preset=\u00a0\u00bbdefault\u00a0\u00bb global_colors_info=\u00a0\u00bb{}\u00a0\u00bb][et_pb_text module_id=\u00a0\u00bborga\u00a0\u00bb _builder_version=\u00a0\u00bb4.18.0&Prime; _module_preset=\u00a0\u00bbdefault\u00a0\u00bb text_font=\u00a0\u00bbAlata|300||on|||||\u00a0\u00bb text_text_color=\u00a0\u00bb#FFFFFF\u00a0\u00bb text_font_size=\u00a0\u00bb50px\u00a0\u00bb text_letter_spacing=\u00a0\u00bb10px\u00a0\u00bb header_text_align=\u00a0\u00bbleft\u00a0\u00bb custom_margin=\u00a0\u00bb||50px||false|false\u00a0\u00bb text_letter_spacing_tablet=\u00a0\u00bb50px\u00a0\u00bb text_letter_spacing_phone=\u00a0\u00bb15px\u00a0\u00bb text_letter_spacing_last_edited=\u00a0\u00bbon|phone\u00a0\u00bb global_colors_info=\u00a0\u00bb{}\u00a0\u00bb]<\/p>\n<p style=\"text-align: center;\">Laissez-nous un message<\/p>\n<p>[\/et_pb_text][\/et_pb_column][\/et_pb_row][et_pb_row module_id=\u00a0\u00bbcontact\u00a0\u00bb _builder_version=\u00a0\u00bb4.18.0&Prime; _module_preset=\u00a0\u00bbdefault\u00a0\u00bb custom_margin=\u00a0\u00bb||||false|false\u00a0\u00bb animation_style=\u00a0\u00bbslide\u00a0\u00bb global_colors_info=\u00a0\u00bb{}\u00a0\u00bb][et_pb_column type=\u00a0\u00bb4_4&Prime; _builder_version=\u00a0\u00bb4.18.0&Prime; _module_preset=\u00a0\u00bbdefault\u00a0\u00bb global_colors_info=\u00a0\u00bb{}\u00a0\u00bb][et_pb_contact_form email=\u00a0\u00bbhello@oakstreet.fr\u00a0\u00bb custom_message=\u00a0\u00bbFormulaire Footer Homepage||et_pb_line_break_holder||Je souhaite un renseignement||et_pb_line_break_holder||Nom : %%Name%%||et_pb_line_break_holder||e-mail : %%Email%%||et_pb_line_break_holder||Tel : %%phone%%||et_pb_line_break_holder||Message : %%Message%%||et_pb_line_break_holder||||et_pb_line_break_holder||%%consent%%\u00a0\u00bb success_message=\u00a0\u00bbMerci pour votre demande !\u00a0\u00bb submit_button_text=\u00a0\u00bbEnvoyez\u00a0\u00bb _builder_version=\u00a0\u00bb4.18.0&Prime; _module_preset=\u00a0\u00bbdefault\u00a0\u00bb _unique_id=\u00a0\u00bb57d7bea1-aff3-4e03-b55d-46b4bc329777&Prime; form_field_background_color=\u00a0\u00bb#E5CE99&Prime; form_field_text_color=\u00a0\u00bb#FFFFFF\u00a0\u00bb form_field_focus_background_color=\u00a0\u00bb#3d5a24&Prime; form_field_focus_text_color=\u00a0\u00bb#FFFFFF\u00a0\u00bb title_font=\u00a0\u00bbMontserrat||||||||\u00a0\u00bb title_text_color=\u00a0\u00bb#FFFFFF\u00a0\u00bb captcha_text_color=\u00a0\u00bb#FFFFFF\u00a0\u00bb captcha_font_size=\u00a0\u00bb20px\u00a0\u00bb form_field_font=\u00a0\u00bb|300|||||||\u00a0\u00bb background_color=\u00a0\u00bbRGBA(255,255,255,0)\u00a0\u00bb custom_button=\u00a0\u00bbon\u00a0\u00bb button_text_color=\u00a0\u00bb#192B4A\u00a0\u00bb button_bg_color=\u00a0\u00bb#E5CE99&Prime; button_border_width=\u00a0\u00bb0px\u00a0\u00bb button_border_color=\u00a0\u00bb#FFFFFF\u00a0\u00bb button_border_radius=\u00a0\u00bb0px\u00a0\u00bb button_letter_spacing=\u00a0\u00bb3px\u00a0\u00bb button_font=\u00a0\u00bb|700|||||||\u00a0\u00bb button_icon=\u00a0\u00bb&#xf1d8;||fa||900&Prime; button_icon_color=\u00a0\u00bb#FFFFFF\u00a0\u00bb global_colors_info=\u00a0\u00bb{}\u00a0\u00bb button_text_color__hover_enabled=\u00a0\u00bbon|hover\u00a0\u00bb button_text_color__hover=\u00a0\u00bb#243B14&Prime; button_border_color__hover_enabled=\u00a0\u00bbon|hover\u00a0\u00bb button_border_color__hover=\u00a0\u00bb#243B14&Prime; button_icon_color__hover_enabled=\u00a0\u00bbon|hover\u00a0\u00bb button_icon_color__hover=\u00a0\u00bb#243B14&Prime;][et_pb_contact_field field_id=\u00a0\u00bbName\u00a0\u00bb field_title=\u00a0\u00bbVotre entreprise\u00a0\u00bb _builder_version=\u00a0\u00bb4.18.0&Prime; global_colors_info=\u00a0\u00bb{}\u00a0\u00bb button_text_size__hover_enabled=\u00a0\u00bboff\u00a0\u00bb button_one_text_size__hover_enabled=\u00a0\u00bboff\u00a0\u00bb button_two_text_size__hover_enabled=\u00a0\u00bboff\u00a0\u00bb button_text_color__hover_enabled=\u00a0\u00bboff\u00a0\u00bb button_one_text_color__hover_enabled=\u00a0\u00bboff\u00a0\u00bb button_two_text_color__hover_enabled=\u00a0\u00bboff\u00a0\u00bb button_border_width__hover_enabled=\u00a0\u00bboff\u00a0\u00bb button_one_border_width__hover_enabled=\u00a0\u00bboff\u00a0\u00bb button_two_border_width__hover_enabled=\u00a0\u00bboff\u00a0\u00bb button_border_color__hover_enabled=\u00a0\u00bboff\u00a0\u00bb button_one_border_color__hover_enabled=\u00a0\u00bboff\u00a0\u00bb button_two_border_color__hover_enabled=\u00a0\u00bboff\u00a0\u00bb button_border_radius__hover_enabled=\u00a0\u00bboff\u00a0\u00bb button_one_border_radius__hover_enabled=\u00a0\u00bboff\u00a0\u00bb button_two_border_radius__hover_enabled=\u00a0\u00bboff\u00a0\u00bb button_letter_spacing__hover_enabled=\u00a0\u00bboff\u00a0\u00bb button_one_letter_spacing__hover_enabled=\u00a0\u00bboff\u00a0\u00bb button_two_letter_spacing__hover_enabled=\u00a0\u00bboff\u00a0\u00bb button_bg_color__hover_enabled=\u00a0\u00bboff\u00a0\u00bb button_one_bg_color__hover_enabled=\u00a0\u00bboff\u00a0\u00bb button_two_bg_color__hover_enabled=\u00a0\u00bboff\u00a0\u00bb][\/et_pb_contact_field][et_pb_contact_field field_id=\u00a0\u00bbEmail\u00a0\u00bb field_title=\u00a0\u00bbAdresse e-mail\u00a0\u00bb field_type=\u00a0\u00bbemail\u00a0\u00bb _builder_version=\u00a0\u00bb4.16&Prime; global_colors_info=\u00a0\u00bb{}\u00a0\u00bb button_text_size__hover_enabled=\u00a0\u00bboff\u00a0\u00bb button_one_text_size__hover_enabled=\u00a0\u00bboff\u00a0\u00bb button_two_text_size__hover_enabled=\u00a0\u00bboff\u00a0\u00bb button_text_color__hover_enabled=\u00a0\u00bboff\u00a0\u00bb button_one_text_color__hover_enabled=\u00a0\u00bboff\u00a0\u00bb button_two_text_color__hover_enabled=\u00a0\u00bboff\u00a0\u00bb button_border_width__hover_enabled=\u00a0\u00bboff\u00a0\u00bb button_one_border_width__hover_enabled=\u00a0\u00bboff\u00a0\u00bb button_two_border_width__hover_enabled=\u00a0\u00bboff\u00a0\u00bb button_border_color__hover_enabled=\u00a0\u00bboff\u00a0\u00bb button_one_border_color__hover_enabled=\u00a0\u00bboff\u00a0\u00bb button_two_border_color__hover_enabled=\u00a0\u00bboff\u00a0\u00bb button_border_radius__hover_enabled=\u00a0\u00bboff\u00a0\u00bb button_one_border_radius__hover_enabled=\u00a0\u00bboff\u00a0\u00bb button_two_border_radius__hover_enabled=\u00a0\u00bboff\u00a0\u00bb button_letter_spacing__hover_enabled=\u00a0\u00bboff\u00a0\u00bb button_one_letter_spacing__hover_enabled=\u00a0\u00bboff\u00a0\u00bb button_two_letter_spacing__hover_enabled=\u00a0\u00bboff\u00a0\u00bb button_bg_color__hover_enabled=\u00a0\u00bboff\u00a0\u00bb button_one_bg_color__hover_enabled=\u00a0\u00bboff\u00a0\u00bb button_two_bg_color__hover_enabled=\u00a0\u00bboff\u00a0\u00bb][\/et_pb_contact_field][et_pb_contact_field field_id=\u00a0\u00bbphone\u00a0\u00bb field_title=\u00a0\u00bbT\u00e9l\u00e9phone\u00a0\u00bb allowed_symbols=\u00a0\u00bbnumbers\u00a0\u00bb fullwidth_field=\u00a0\u00bbon\u00a0\u00bb _builder_version=\u00a0\u00bb4.18.0&Prime; _module_preset=\u00a0\u00bbdefault\u00a0\u00bb global_colors_info=\u00a0\u00bb{}\u00a0\u00bb][\/et_pb_contact_field][et_pb_contact_field field_id=\u00a0\u00bbMessage\u00a0\u00bb field_title=\u00a0\u00bbMessage\u00a0\u00bb field_type=\u00a0\u00bbtext\u00a0\u00bb fullwidth_field=\u00a0\u00bbon\u00a0\u00bb _builder_version=\u00a0\u00bb4.16&Prime; global_colors_info=\u00a0\u00bb{}\u00a0\u00bb button_text_size__hover_enabled=\u00a0\u00bboff\u00a0\u00bb button_one_text_size__hover_enabled=\u00a0\u00bboff\u00a0\u00bb button_two_text_size__hover_enabled=\u00a0\u00bboff\u00a0\u00bb button_text_color__hover_enabled=\u00a0\u00bboff\u00a0\u00bb button_one_text_color__hover_enabled=\u00a0\u00bboff\u00a0\u00bb button_two_text_color__hover_enabled=\u00a0\u00bboff\u00a0\u00bb button_border_width__hover_enabled=\u00a0\u00bboff\u00a0\u00bb button_one_border_width__hover_enabled=\u00a0\u00bboff\u00a0\u00bb button_two_border_width__hover_enabled=\u00a0\u00bboff\u00a0\u00bb button_border_color__hover_enabled=\u00a0\u00bboff\u00a0\u00bb button_one_border_color__hover_enabled=\u00a0\u00bboff\u00a0\u00bb button_two_border_color__hover_enabled=\u00a0\u00bboff\u00a0\u00bb button_border_radius__hover_enabled=\u00a0\u00bboff\u00a0\u00bb button_one_border_radius__hover_enabled=\u00a0\u00bboff\u00a0\u00bb button_two_border_radius__hover_enabled=\u00a0\u00bboff\u00a0\u00bb button_letter_spacing__hover_enabled=\u00a0\u00bboff\u00a0\u00bb button_one_letter_spacing__hover_enabled=\u00a0\u00bboff\u00a0\u00bb button_two_letter_spacing__hover_enabled=\u00a0\u00bboff\u00a0\u00bb button_bg_color__hover_enabled=\u00a0\u00bboff\u00a0\u00bb button_one_bg_color__hover_enabled=\u00a0\u00bboff\u00a0\u00bb button_two_bg_color__hover_enabled=\u00a0\u00bboff\u00a0\u00bb][\/et_pb_contact_field][et_pb_contact_field field_id=\u00a0\u00bbconsent\u00a0\u00bb field_title=\u00a0\u00bbEn cochant cette case\u00a0\u00bb field_type=\u00a0\u00bbcheckbox\u00a0\u00bb checkbox_options=\u00a0\u00bb%91{%22value%22:%22Vous acceptez notre politique de confidentialit\u00e9 : Vos donn\u00e9es personnelles ne sont utilis\u00e9es que pour vous permettre de recevoir des informations commerciales. Conform\u00e9ment \u00e0 la r\u00e9glementation sur les donn\u00e9es \u00e0 caract\u00e8re personnel vous disposez d\u2019un ensemble de droits (opposition, suppression, modification, \u2026) que vous pouvez exercer aupr\u00e8s de OAKSTREET. %22,%22checked%22:0,%22dragID%22:-1}%93&Prime; fullwidth_field=\u00a0\u00bbon\u00a0\u00bb _builder_version=\u00a0\u00bb4.18.0&Prime; _module_preset=\u00a0\u00bbdefault\u00a0\u00bb global_colors_info=\u00a0\u00bb{}\u00a0\u00bb][\/et_pb_contact_field][\/et_pb_contact_form][\/et_pb_column][\/et_pb_row][\/et_pb_section]<\/p>\n","protected":false},"excerpt":{"rendered":"<p>&nbsp; Am\u00e9nageur de patrimoine &nbsp;&nbsp; D\u00e9velopper du foncier en coh\u00e9rence avec le territoire. &nbsp;Le site Bin\u00f4me Invest est en cours de r\u00e9alisation. Vous pouvez laisser votre message gr\u00e2ce au formulaire ci-dessous. A bient\u00f4t ici pour parler immobilier sous toutes ses formes.Laissez-nous un message<\/p>\n","protected":false},"author":1,"featured_media":0,"parent":0,"menu_order":0,"comment_status":"closed","ping_status":"open","template":"page-template-blank.php","meta":{"_et_pb_use_builder":"on","_et_pb_old_content":"<!-- wp:paragraph -->\n<p>Ceci est une page d\u2019exemple. C\u2019est diff\u00e9rent d\u2019un article de blog parce qu\u2019elle restera au m\u00eame endroit et appara\u00eetra dans la navigation de votre site (dans la plupart des th\u00e8mes). La plupart des gens commencent par une page \u00ab&nbsp;\u00c0 propos&nbsp;\u00bb qui les pr\u00e9sente aux personnes visitant le site. Cela pourrait ressembler \u00e0 quelque chose comme cela&nbsp;:<\/p>\n<!-- \/wp:paragraph -->\n\n<!-- wp:quote -->\n<blockquote class=\"wp-block-quote\"><p>Bonjour&nbsp;! Je suis un m\u00e9canicien qui aspire \u00e0 devenir acteur, et voici mon site. J\u2019habite \u00e0 Bordeaux, j\u2019ai un super chien baptis\u00e9 Russell, et j\u2019aime la vodka (ainsi qu\u2019\u00eatre surpris par la pluie soudaine lors de longues balades sur la plage au coucher du soleil).<\/p><\/blockquote>\n<!-- \/wp:quote -->\n\n<!-- wp:paragraph -->\n<p>\u2026ou quelque chose comme cela&nbsp;:<\/p>\n<!-- \/wp:paragraph -->\n\n<!-- wp:quote -->\n<blockquote class=\"wp-block-quote\"><p>La soci\u00e9t\u00e9 123 Machin Truc a \u00e9t\u00e9 cr\u00e9\u00e9e en 1971, et n\u2019a cess\u00e9 de proposer au public des machins-trucs de qualit\u00e9 depuis lors. Situ\u00e9e \u00e0 Saint-Remy-en-Bouzemont-Saint-Genest-et-Isson, 123 Machin Truc emploie 2 000 personnes, et fabrique toutes sortes de bidules supers pour la communaut\u00e9 bouzemontoise.<\/p><\/blockquote>\n<!-- \/wp:quote -->\n\n<!-- wp:paragraph -->\n<p>En tant que nouvel utilisateur ou utilisatrice de WordPress, vous devriez vous rendre sur <a href=\"http:\/\/www.cp-formations.fr\/wp-admin\/\">votre tableau de bord<\/a> pour supprimer cette page et cr\u00e9er de nouvelles pages pour votre contenu. Amusez-vous bien&nbsp;!<\/p>\n<!-- \/wp:paragraph -->","_et_gb_content_width":"","footnotes":""},"class_list":["post-832","page","type-page","status-publish","hentry"],"_links":{"self":[{"href":"https:\/\/binomeinvest.com\/index.php\/wp-json\/wp\/v2\/pages\/832","targetHints":{"allow":["GET"]}}],"collection":[{"href":"https:\/\/binomeinvest.com\/index.php\/wp-json\/wp\/v2\/pages"}],"about":[{"href":"https:\/\/binomeinvest.com\/index.php\/wp-json\/wp\/v2\/types\/page"}],"author":[{"embeddable":true,"href":"https:\/\/binomeinvest.com\/index.php\/wp-json\/wp\/v2\/users\/1"}],"replies":[{"embeddable":true,"href":"https:\/\/binomeinvest.com\/index.php\/wp-json\/wp\/v2\/comments?post=832"}],"version-history":[{"count":11,"href":"https:\/\/binomeinvest.com\/index.php\/wp-json\/wp\/v2\/pages\/832\/revisions"}],"predecessor-version":[{"id":1713,"href":"https:\/\/binomeinvest.com\/index.php\/wp-json\/wp\/v2\/pages\/832\/revisions\/1713"}],"wp:attachment":[{"href":"https:\/\/binomeinvest.com\/index.php\/wp-json\/wp\/v2\/media?parent=832"}],"curies":[{"name":"wp","href":"https:\/\/api.w.org\/{rel}","templated":true}]}}